{"id":248,"date":"2025-03-28T12:16:16","date_gmt":"2025-03-28T11:16:16","guid":{"rendered":"https:\/\/www.narlatconsulting.com\/?page_id=248"},"modified":"2025-07-23T10:52:14","modified_gmt":"2025-07-23T08:52:14","slug":"248-2","status":"publish","type":"page","link":"https:\/\/www.narlatconsulting.com\/index.php\/248-2\/","title":{"rendered":"Notre Histoire"},"content":{"rendered":"\n<section style=\"position:relative;height:400px;background-image:url('https:\/\/www.narlatconsulting.com\/wp-content\/uploads\/2025\/03\/ChatGPT-Image-27-mars-2025-a-14_33_39.png');background-size:cover;background-position:center;display:flex;align-items:center;justify-content:center;\">\n  <div style=\"background-color:rgba(0,0,0,0.5);padding:40px 20px;text-align:center;color:#fff;width:100%;max-width:900px;\">\n    <h1 style=\"font-size:42px;font-weight:700;margin-bottom:10px;color:#ff4c4c;\">L\u2019Esprit <span style=\"color:#ff4c4c;\">Narlat<\/span><\/h1>\n    <p style=\"font-size:20px;line-height:1.6;\">Une passion devenue mission, port\u00e9e par l\u2019exp\u00e9rience, la rigueur et l\u2019innovation.<\/p>\n  <\/div>\n<\/section>\n\n<div style=\"display:flex;flex-direction:column;gap:30px;font-size:18px;line-height:1.8;\">\n  <p><span style=\"color:#b30000;font-weight:bold;\">Narlat<\/span> n\u2019est pas simplement une entreprise. C\u2019est l\u2019aboutissement d\u2019un parcours de vie, d\u2019une passion visc\u00e9rale et d\u2019une vision humaine port\u00e9e par son fondateur, <strong style=\"color:#1c304a;\">Renaud Tasset<\/strong>.<\/p>\n  \n  <p>Depuis l\u2019enfance, <strong style=\"color:#1c304a;\">Renaud<\/strong> d\u00e9montait, construisait, inventait. Fascin\u00e9 par la m\u00e9canique, les animaux, la technologie et l\u2019agriculture, il s\u2019imaginait d\u00e9j\u00e0 concevoir les machines de demain. Tr\u00e8s t\u00f4t, il comprend une chose : on ne peut pas cr\u00e9er ce qu\u2019on ne comprend pas. Il faut exp\u00e9rimenter, vivre les usages, sentir les besoins pour innover vraiment.<\/p>\n  \n  <!-- Continue with the rest of your paragraphs -->\n<\/div>\n\n\n\n<div style=\"display:flex;flex-direction:column;gap:30px;font-size:18px;line-height:1.8;\">\n      <p><span style=\"color:#b30000;font-weight:bold;\">Narlat<\/span> n\u2019est pas simplement une entreprise. C\u2019est l\u2019aboutissement d\u2019un parcours de vie, d\u2019une passion visc\u00e9rale et d\u2019une vision humaine port\u00e9e par son fondateur, <strong style=\"color:#1c304a;\">Renaud Tasset<\/strong>.<\/p>\n\n      <p><strong style=\"color:#1c304a;\">Renaud<\/strong> d\u00e9montait, construisait, inventait. Fascin\u00e9 par la m\u00e9canique, les animaux, la technologie et l\u2019agriculture, il s\u2019imaginait d\u00e9j\u00e0 concevoir les machines de demain.<\/p>\n\n      <p>Brillant \u00e0 l\u2019\u00e9cole, promis aux plus grandes \u00e9coles d\u2019ing\u00e9nieurs, <strong style=\"color:#1c304a;\">Renaud<\/strong> fait un choix radical : celui du concret. Il pr\u00e9f\u00e8re l\u2019apprentissage au th\u00e9orique, le terrain \u00e0 l\u2019abstrait. BEP, Bac Pro, BTS\u2026 \u00e0 chaque \u00e9tape, il travaille sur le terrain : exploitations agricoles, coop\u00e9ratives, fabricants d\u2019aliments.<\/p>\n\n      <p>\u00c0 18 ans, il met m\u00eame ses \u00e9tudes en pause pour entrer dans l\u2019une des plus grandes usines agroalimentaires de sa r\u00e9gion. Quelques mois plus tard, il est responsable de production. Une r\u00e9v\u00e9lation.<\/p>\n\n      <p>C\u2019est l\u00e0 que na\u00eet sa passion pour l\u2019entreprise et l\u2019entrepreneuriat. Il reprend ses \u00e9tudes en commerce international et se sp\u00e9cialise parall\u00e8lement en nutrition animale pour ruminants, ce qui lui permettra de devenir rapidement commercial, puis directeur commercial, et \u00e0 seulement 23 ans, directeur d\u2019usine.<\/p>\n\n      <p>\u00c0 26 ans, il prend les commandes de sa premi\u00e8re entreprise. Mais l\u00e0 encore, il n\u2019arr\u00eate jamais d\u2019apprendre. Il se forme sans rel\u00e2che \u00e0 la m\u00e9canique, au dessin industriel, \u00e0 l\u2019ing\u00e9nierie, \u00e0 l\u2019\u00e9lectronique, \u00e0 la m\u00e9tallurgie, \u00e0 la chaudronnerie. Toujours avec une id\u00e9e en t\u00eate : concevoir des solutions concr\u00e8tes, utiles, robustes.<\/p>\n\n      <p>Il d\u00e9veloppe des machines de pointe pour la fabrication d\u2019aliments pour animaux, des lignes de production compl\u00e8tes, des \u00e9quipements sur mesure pour le biogaz, le pharmaceutique, le recyclage, la distribution, le traitement des d\u00e9chets\u2026 Chaque machine est un d\u00e9fi, chaque projet une passion.<\/p>\n\n      <p>Reconnu dans de nombreux pays, il anime des r\u00e9unions techniques et des conf\u00e9rences \u00e0 l\u2019international \u2013 Am\u00e9rique Latine, Afrique, Russie \u2013 et collabore avec des industriels majeurs. Il d\u00e9veloppe aussi des unit\u00e9s de production et des machines pour des clients dans plusieurs pays : remorques, m\u00e9langeurs mobiles, mat\u00e9riels agricoles, \u00e9quipements de pr\u00e9cision\u2026<\/p>\n\n      <p>Parall\u00e8lement, il lance une entreprise familiale dans la serrurerie et la menuiserie, avec succ\u00e8s. Mais c\u2019est apr\u00e8s la crise du COVID que <strong style=\"color:#1c304a;\">Renaud<\/strong> va r\u00e9v\u00e9ler une autre dimension de lui-m\u00eame.<\/p>\n\n      <p>T\u00e9moin des difficult\u00e9s que traversent des dizaines d\u2019entrepreneurs (alors que lui \u00e9tait en expansion), il d\u00e9cide de mettre son exp\u00e9rience au service des autres. Gr\u00e2ce \u00e0 son r\u00e9seau BNI et \u00e0 sa r\u00e9putation dans la r\u00e9gion, il est sollicit\u00e9 par des experts-comptables, avocats, banquiers, pour venir en aide \u00e0 des soci\u00e9t\u00e9s en difficult\u00e9.<\/p>\n\n      <p>Il restructure, optimise, redonne de l\u2019\u00e9nergie, am\u00e9liore les marges, transforme des mod\u00e8les. Il sauve des entreprises. Et c\u2019est l\u00e0 que na\u00eet <span style=\"color:#b30000;font-weight:bold;\">Narlat Consulting<\/span>, pour structurer cette nouvelle mission d\u2019accompagnement strat\u00e9gique, humain et op\u00e9rationnel.<\/p>\n\n      <p>\u00c0 40 ans, toujours curieux de mieux comprendre l\u2019humain, il se remet encore en question et entreprend une nouvelle formation : la PNL et la psychoth\u00e9rapie. Car pour accompagner les dirigeants, il faut aussi savoir \u00e9couter, comprendre, soutenir, guider. C\u2019est cette vision globale, technique, strat\u00e9gique et humaine qu\u2019il incarne aujourd\u2019hui \u00e0 travers <span style=\"color:#b30000;font-weight:bold;\">Narlat<\/span>.<\/p>\n    <\/div>\n  <\/div>\n<\/section>\n\n\n\n<h2 style=\"font-size:28px;color:#b30000;margin-top:60px;margin-bottom:20px;text-align:center;\">\n      <span style=\"color:#b30000;\">Narlat<\/span> aujourd\u2019hui : une \u00e9quipe au service de vos ambitions\n    <\/h2>\n\n    <p style=\"font-size:18px;line-height:1.8;margin-bottom:20px;text-align:center;max-width:800px;margin:auto;\">\n      <span style=\"color:#b30000;font-weight:bold;\">Narlat<\/span>, ce n\u2019est plus seulement une vision port\u00e9e par <strong style=\"color:#1c304a;\">Renaud<\/strong>. C\u2019est d\u00e9sormais une \u00e9quipe engag\u00e9e, agile, et profond\u00e9ment humaine, qui partage les m\u00eames valeurs de passion, de rigueur et d\u2019innovation.\n    <\/p>\n\n    <ul style=\"font-size:18px;line-height:1.8;margin:40px auto;padding-left:20px;max-width:900px;\">\n      <li><strong>Un bureau d\u2019\u00e9tudes technique<\/strong> capable de concevoir des projets innovants et performants<\/li>\n      <li><strong>Une vision strat\u00e9gique globale<\/strong>, pour accompagner les dirigeants dans leurs prises de d\u00e9cisions<\/li>\n      <li><strong>Des experts terrain<\/strong> pour optimiser vos process, vos flux, vos marges et assurer votre commercialisation<\/li>\n      <li><strong>Un r\u00e9seau d\u2019intervenants de confiance<\/strong>, s\u00e9lectionn\u00e9s pour leur s\u00e9rieux et leur efficacit\u00e9<\/li>\n      <li><strong>Des unit\u00e9s de productions disponibles<\/strong> pour vous aider dans la fabrication<\/li>\n      <li><strong>Et surtout, une \u00e9coute active<\/strong>, avec des solutions concr\u00e8tes, dans une totale confidentialit\u00e9<\/li>\n    <\/ul>\n\n    <p style=\"font-size:20px;line-height:1.8;font-weight:600;text-align:center;color:#b30000;margin-top:30px;\">\n\n\n\n<figure class=\"wp-block-image aligncenter size-medium\"><img loading=\"lazy\" decoding=\"async\" width=\"300\" height=\"300\" src=\"https:\/\/www.narlatconsulting.com\/wp-content\/uploads\/2025\/03\/e6f8bcbe-9bba-49ca-b278-c0364480a22f-300x300.jpg\" alt=\"\" class=\"wp-image-32\" srcset=\"https:\/\/www.narlatconsulting.com\/wp-content\/uploads\/2025\/03\/e6f8bcbe-9bba-49ca-b278-c0364480a22f-300x300.jpg 300w, https:\/\/www.narlatconsulting.com\/wp-content\/uploads\/2025\/03\/e6f8bcbe-9bba-49ca-b278-c0364480a22f-150x150.jpg 150w, https:\/\/www.narlatconsulting.com\/wp-content\/uploads\/2025\/03\/e6f8bcbe-9bba-49ca-b278-c0364480a22f.jpg 450w\" sizes=\"auto, (max-width: 300px) 100vw, 300px\" \/><\/figure>\n\n\n\n<p style=\"text-align: center; color: #b30000;\">\n  Narlat, c\u2019est l\u2019alli\u00e9 des entreprises qui veulent avancer, innover et se r\u00e9inventer.\n<\/p>\n\n\n\n<p><\/p>\n","protected":false},"excerpt":{"rendered":"<p>L\u2019Esprit Narlat Une passion devenue mission, port\u00e9e par l\u2019exp\u00e9rience, la rigueur et l\u2019innovation. Narlat n\u2019est pas simplement une entreprise. C\u2019est [&hellip;]<\/p>\n","protected":false},"author":1,"featured_media":0,"parent":0,"menu_order":0,"comment_status":"closed","ping_status":"closed","template":"","meta":{"site-sidebar-layout":"default","site-content-layout":"","ast-site-content-layout":"default","site-content-style":"default","site-sidebar-style":"default","ast-global-header-display":"","ast-banner-title-visibility":"","ast-main-header-display":"","ast-hfb-above-header-display":"","ast-hfb-below-header-display":"","ast-hfb-mobile-header-display":"","site-post-title":"disabled","ast-breadcrumbs-content":"","ast-featured-img":"","footer-sml-layout":"","theme-transparent-header-meta":"enabled","adv-header-id-meta":"","stick-header-meta":"","header-above-stick-meta":"","header-main-stick-meta":"","header-below-stick-meta":"","astra-migrate-meta-layouts":"default","ast-page-background-enabled":"default","ast-page-background-meta":{"desktop":{"background-color":"var(--ast-global-color-5)","background-image":"","background-repeat":"repeat","background-position":"center center","background-size":"auto","background-attachment":"scroll","background-type":"","background-media":"","overlay-type":"","overlay-color":"","overlay-opacity":"","overlay-gradient":""},"tablet":{"background-color":"","background-image":"","background-repeat":"repeat","background-position":"center center","background-size":"auto","background-attachment":"scroll","background-type":"","background-media":"","overlay-type":"","overlay-color":"","overlay-opacity":"","overlay-gradient":""},"mobile":{"background-color":"","background-image":"","background-repeat":"repeat","background-position":"center center","background-size":"auto","background-attachment":"scroll","background-type":"","background-media":"","overlay-type":"","overlay-color":"","overlay-opacity":"","overlay-gradient":""}},"ast-content-background-meta":{"desktop":{"background-color":"var(--ast-global-color-4)","background-image":"","background-repeat":"repeat","background-position":"center center","background-size":"auto","background-attachment":"scroll","background-type":"","background-media":"","overlay-type":"","overlay-color":"","overlay-opacity":"","overlay-gradient":""},"tablet":{"background-color":"var(--ast-global-color-4)","background-image":"","background-repeat":"repeat","background-position":"center center","background-size":"auto","background-attachment":"scroll","background-type":"","background-media":"","overlay-type":"","overlay-color":"","overlay-opacity":"","overlay-gradient":""},"mobile":{"background-color":"var(--ast-global-color-4)","background-image":"","background-repeat":"repeat","background-position":"center center","background-size":"auto","background-attachment":"scroll","background-type":"","background-media":"","overlay-type":"","overlay-color":"","overlay-opacity":"","overlay-gradient":""}},"footnotes":""},"class_list":["post-248","page","type-page","status-publish","hentry"],"_links":{"self":[{"href":"https:\/\/www.narlatconsulting.com\/index.php\/wp-json\/wp\/v2\/pages\/248","targetHints":{"allow":["GET"]}}],"collection":[{"href":"https:\/\/www.narlatconsulting.com\/index.php\/wp-json\/wp\/v2\/pages"}],"about":[{"href":"https:\/\/www.narlatconsulting.com\/index.php\/wp-json\/wp\/v2\/types\/page"}],"author":[{"embeddable":true,"href":"https:\/\/www.narlatconsulting.com\/index.php\/wp-json\/wp\/v2\/users\/1"}],"replies":[{"embeddable":true,"href":"https:\/\/www.narlatconsulting.com\/index.php\/wp-json\/wp\/v2\/comments?post=248"}],"version-history":[{"count":32,"href":"https:\/\/www.narlatconsulting.com\/index.php\/wp-json\/wp\/v2\/pages\/248\/revisions"}],"predecessor-version":[{"id":715,"href":"https:\/\/www.narlatconsulting.com\/index.php\/wp-json\/wp\/v2\/pages\/248\/revisions\/715"}],"wp:attachment":[{"href":"https:\/\/www.narlatconsulting.com\/index.php\/wp-json\/wp\/v2\/media?parent=248"}],"curies":[{"name":"wp","href":"https:\/\/api.w.org\/{rel}","templated":true}]}}