{"id":306,"date":"2025-04-16T09:00:42","date_gmt":"2025-04-16T07:00:42","guid":{"rendered":"https:\/\/www.narlatconsulting.com\/?page_id=306"},"modified":"2025-07-10T10:04:58","modified_gmt":"2025-07-10T08:04:58","slug":"nos-services","status":"publish","type":"page","link":"https:\/\/www.narlatconsulting.com\/index.php\/nos-services\/","title":{"rendered":"Nos Services"},"content":{"rendered":"\n<section style=\"position:relative;height:400px;background-image:url('https:\/\/www.narlatconsulting.com\/wp-content\/uploads\/2025\/03\/ChatGPT-Image-27-mars-2025-a-14_33_39.png');background-size:cover;background-position:center;display:flex;align-items:center;justify-content:center;\">\n  <div style=\"background-color:rgba(0,0,0,0.5);padding:40px 20px;text-align:center;color:#fff;width:100%;max-width:900px;\">\n    <h1 style=\"font-size:42px;font-weight:700;margin-bottom:10px;color:#ff4c4c;\">Nos Services &#8211; <span style=\"color:#ff4c4c;\">Narlat Consulting<\/span><\/h1>\n    <p style=\"font-size:20px;line-height:1.6;\">Nous vous accompagnons dans la conception de solutions innovantes, le d\u00e9veloppement strat\u00e9gique, et l\u2019optimisation de la gestion de production.<\/p>\n  <\/div>\n<\/section>\n\n<div style=\"display:flex;flex-direction:column;gap:30px;font-size:18px;line-height:1.8;\">\n  <h2 style=\"font-size:28px;color:#ff4c4c;margin-top:60px;margin-bottom:20px;text-align:center;\">Innovation Mat\u00e9riel<\/h2>\n  <p>Avec une expertise pointue en <strong>m\u00e9canique g\u00e9n\u00e9rale<\/strong>, transmission, hydraulique, \u00e9lectricit\u00e9, automatisme, chaudronnerie, m\u00e9tallurgie, conception et ing\u00e9nierie, nous ma\u00eetrisons toutes les cha\u00eenes de processus permettant de passer d&rsquo;une simple id\u00e9e sur une feuille de papier \u00e0 une <strong>r\u00e9alisation concr\u00e8te<\/strong>. Nous mettons \u00e0 votre disposition des solutions d&rsquo;innovation pour le d\u00e9veloppement de vos \u00e9quipements et machines. Nous co-cr\u00e9ons avec nos clients des <strong>produits diff\u00e9renciants<\/strong>, parfaitement adapt\u00e9s aux besoins actuels du march\u00e9, afin de leur permettre de se d\u00e9marquer de leurs concurrents. Notre approche <strong>participative<\/strong> et <strong>sur-mesure<\/strong> assure une forte valeur ajout\u00e9e tout au long du processus de conception.<\/p>\n  \n  <h2 style=\"font-size:28px;color:#ff4c4c;margin-top:60px;margin-bottom:20px;text-align:center;\">Gestion et Direction d&rsquo;Entreprise<\/h2>\n  <p>Narlat Consulting dispose de l&rsquo;expertise n\u00e9cessaire pour intervenir dans la gestion d\u2019entreprises en difficult\u00e9 ou en phase de transition. Que ce soit pour <strong>remplacer un dirigeant absent<\/strong>, accompagner un dirigeant dans <strong>le d\u00e9veloppement strat\u00e9gique<\/strong>, ou bien pour <strong>redresser une structure en crise<\/strong>, nous vous apportons les comp\u00e9tences strat\u00e9giques et op\u00e9rationnelles pour assurer la p\u00e9rennit\u00e9 et la croissance de vos activit\u00e9s. Nous vous accompagnons dans la gestion des <strong>transitions complexes<\/strong>, en offrant des solutions rapides et efficaces pour chaque situation.<\/p>\n\n  <h2 style=\"font-size:28px;color:#ff4c4c;margin-top:60px;margin-bottom:20px;text-align:center;\">D\u00e9veloppement Commercial<\/h2>\n  <p>Nous mettons notre expertise \u00e0 votre service pour <strong>acc\u00e9l\u00e9rer votre d\u00e9veloppement commercial<\/strong>. Narlat Consulting intervient dans la <strong>cr\u00e9ation de r\u00e9seaux de distribution<\/strong>, l\u2019<strong>optimisation des ventes<\/strong>, et le <strong>d\u00e9veloppement \u00e0 l\u2019international<\/strong>. Nous formons et renfor\u00e7ons vos \u00e9quipes commerciales, rempla\u00e7ons des commerciaux grands comptes et intervenons pour repr\u00e9senter votre entreprise. Gr\u00e2ce \u00e0 notre approche strat\u00e9gique, nous vous aidons \u00e0 optimiser vos efforts commerciaux pour <strong>booster vos performances<\/strong>. Nous pouvons aussi assurer directement la <strong>commercialisation de vos produits<\/strong> avec nos commerciaux.<\/p>\n\n  <h2 style=\"font-size:28px;color:#ff4c4c;margin-top:60px;margin-bottom:20px;text-align:center;\">Suivi de Grands Projets<\/h2>\n  <p>Narlat Consulting offre \u00e9galement son expertise dans le suivi et la gestion de <strong>grands projets industriels<\/strong>. De l\u2019installation d\u2019usines de production \u00e0 la mise en service d\u2019installations complexes, nous assurons un suivi rigoureux de l\u2019ensemble du projet, en respectant les <strong>d\u00e9lais<\/strong>, les <strong>co\u00fbts<\/strong> et les <strong>exigences techniques<\/strong>. Nous intervenons \u00e0 l\u2019international et travaillons en partenariat avec des entreprises sp\u00e9cialis\u00e9es pour assurer le montage, l\u2019installation et la mise en service des \u00e9quipements, garantissant ainsi des <strong>solutions cl\u00e9s en main<\/strong> pour nos clients.<\/p>\n\n  <h2 style=\"font-size:28px;color:#ff4c4c;margin-top:60px;margin-bottom:20px;text-align:center;\">Mise en Place de Production Externalis\u00e9e<\/h2>\n  <p>Lorsque les entreprises sont confront\u00e9es \u00e0 des <strong>surcharges de travail<\/strong> ou cherchent des solutions pour produire des <strong>sous-ensembles<\/strong> ou des <strong>produits finis \u00e0 des prix comp\u00e9titifs<\/strong>, Narlat Consulting intervient pour mettre en place des <strong>unit\u00e9s de production externalis\u00e9es<\/strong>. Nous recherchons des <strong>partenaires de production<\/strong> en France, Europe ou Asie, et nous g\u00e9rons le processus de sous-traitance pour trouver les fabricants avec des <strong>technologies de production compl\u00e9mentaires<\/strong>. Nous assurons \u00e9galement le <strong>suivi<\/strong> et le <strong>contr\u00f4le qualit\u00e9<\/strong> des sous-traitants existants pour garantir la performance et la fiabilit\u00e9 des produits.<\/p>\n\n  <h2 style=\"font-size:28px;color:#ff4c4c;margin-top:60px;margin-bottom:20px;text-align:center;\">Ressourcing Fournisseurs et Gestion des Achats<\/h2>\n  <p>Narlat Consulting est sp\u00e9cialis\u00e9 dans le <strong>ressourcing fournisseurs<\/strong> et la gestion des achats. Nous formons les <strong>acheteurs<\/strong> et identifions les <strong>fournisseurs<\/strong> les plus adapt\u00e9s \u00e0 vos besoins sp\u00e9cifiques, en France et \u00e0 l&rsquo;international. Nous optimisons les <strong>co\u00fbts li\u00e9s aux achats<\/strong>, en diminuant les postes fournisseurs qui influent directement sur la <strong>rentabilit\u00e9<\/strong> de l\u2019entreprise. Gr\u00e2ce \u00e0 notre expertise, nous vous aidons \u00e0 am\u00e9liorer la gestion de vos achats pour renforcer la comp\u00e9titivit\u00e9 de votre entreprise.<\/p>\n\n  <h2 style=\"font-size:28px;color:#ff4c4c;margin-top:60px;margin-bottom:20px;text-align:center;\">Marketing<\/h2>\n  <p>Nous proposons des solutions compl\u00e8tes en <strong>marketing<\/strong>, en partenariat avec des experts, allant de la <strong>refonte d\u2019un logo<\/strong> \u00e0 la mise en place d&rsquo;une <strong>strat\u00e9gie marketing compl\u00e8te<\/strong>. Nous vous accompagnons dans la <strong>cr\u00e9ation de documents commerciaux<\/strong>, de <strong>plaquettes<\/strong>, de <strong>sites internet optimis\u00e9s SEO<\/strong>, et bien plus encore. Gr\u00e2ce \u00e0 nos <strong>partenaires sp\u00e9cialis\u00e9s<\/strong> et \u00e0 notre <strong>force interne<\/strong>, nous mettons en place des <strong>strat\u00e9gies marketing efficaces<\/strong> pour renforcer votre pr\u00e9sence sur le march\u00e9 et booster vos ventes.<\/p>\n\n  <h2 style=\"font-size:28px;color:#ff4c4c;margin-top:60px;margin-bottom:20px;text-align:center;\">Am\u00e9lioration et Gestion de Production<\/h2>\n  <p>Nous accompagnons nos clients dans l\u2019<strong>optimisation de leurs processus de production<\/strong>, en mettant en place des solutions adapt\u00e9es \u00e0 leurs besoins sp\u00e9cifiques. Gr\u00e2ce \u00e0 notre expertise en <strong>gestion des ressources<\/strong>, nous am\u00e9liorons l\u2019efficience de vos op\u00e9rations et garantissons un meilleur contr\u00f4le des <strong>co\u00fbts de production<\/strong>. Nos interventions visent \u00e0 augmenter la rentabilit\u00e9, la productivit\u00e9 et \u00e0 r\u00e9duire les co\u00fbts tout en maintenant une <strong>qualit\u00e9 optimale<\/strong>.<\/p>\n\n  <h2 style=\"font-size:28px;color:#ff4c4c;margin-top:60px;margin-bottom:20px;text-align:center;\">Accompagnement du Dirigeant et Partenariats<\/h2>\n  <p>Chez Narlat Consulting, nous croyons que le succ\u00e8s d\u2019une entreprise repose sur des <strong>partenariats solides et durables<\/strong>. Nous offrons un accompagnement strat\u00e9gique sur le long terme aux dirigeants, en leur apportant les outils n\u00e9cessaires pour <strong>prendre des d\u00e9cisions \u00e9clair\u00e9es<\/strong>. Notre r\u00f4le est de vous fournir des solutions adapt\u00e9es pour am\u00e9liorer la gestion de votre entreprise, soutenir votre d\u00e9veloppement et vous aider \u00e0 surmonter les d\u00e9fis du march\u00e9.<\/p>\n\n  <h2 style=\"font-size:28px;color:#ff4c4c;margin-top:60px;margin-bottom:20px;text-align:center;\">R\u00e9sum\u00e9 de la Force de Narlat Consulting<\/h2>\n  <p>Narlat Consulting se distingue par son approche <strong>partenariale<\/strong>, son engagement envers l\u2019<strong>innovation<\/strong> et son expertise <strong>op\u00e9rationnelle<\/strong>. Nous nous investissons pleinement dans chacun de vos projets, en vous apportant des solutions sur-mesure qui r\u00e9pondent \u00e0 vos besoins sp\u00e9cifiques. Notre objectif est de vous permettre de <strong>booster votre performance<\/strong>, <strong>optimiser vos processus<\/strong> et de garantir un accompagnement strat\u00e9gique et durable tout au long de vos projets.<\/p>\n\n\n\n<p><\/p>\n","protected":false},"excerpt":{"rendered":"<p>Nos Services &#8211; Narlat Consulting Nous vous accompagnons dans la conception de solutions innovantes, le d\u00e9veloppement strat\u00e9gique, et l\u2019optimisation de [&hellip;]<\/p>\n","protected":false},"author":1,"featured_media":0,"parent":0,"menu_order":0,"comment_status":"closed","ping_status":"closed","template":"","meta":{"site-sidebar-layout":"default","site-content-layout":"","ast-site-content-layout":"","site-content-style":"default","site-sidebar-style":"default","ast-global-header-display":"","ast-banner-title-visibility":"","ast-main-header-display":"","ast-hfb-above-header-display":"","ast-hfb-below-header-display":"","ast-hfb-mobile-header-display":"","site-post-title":"disabled","ast-breadcrumbs-content":"","ast-featured-img":"","footer-sml-layout":"","theme-transparent-header-meta":"","adv-header-id-meta":"","stick-header-meta":"","header-above-stick-meta":"","header-main-stick-meta":"","header-below-stick-meta":"","astra-migrate-meta-layouts":"default","ast-page-background-enabled":"default","ast-page-background-meta":{"desktop":{"background-color":"var(--ast-global-color-5)","background-image":"","background-repeat":"repeat","background-position":"center center","background-size":"auto","background-attachment":"scroll","background-type":"","background-media":"","overlay-type":"","overlay-color":"","overlay-opacity":"","overlay-gradient":""},"tablet":{"background-color":"","background-image":"","background-repeat":"repeat","background-position":"center center","background-size":"auto","background-attachment":"scroll","background-type":"","background-media":"","overlay-type":"","overlay-color":"","overlay-opacity":"","overlay-gradient":""},"mobile":{"background-color":"","background-image":"","background-repeat":"repeat","background-position":"center center","background-size":"auto","background-attachment":"scroll","background-type":"","background-media":"","overlay-type":"","overlay-color":"","overlay-opacity":"","overlay-gradient":""}},"ast-content-background-meta":{"desktop":{"background-color":"var(--ast-global-color-4)","background-image":"","background-repeat":"repeat","background-position":"center center","background-size":"auto","background-attachment":"scroll","background-type":"","background-media":"","overlay-type":"","overlay-color":"","overlay-opacity":"","overlay-gradient":""},"tablet":{"background-color":"var(--ast-global-color-4)","background-image":"","background-repeat":"repeat","background-position":"center center","background-size":"auto","background-attachment":"scroll","background-type":"","background-media":"","overlay-type":"","overlay-color":"","overlay-opacity":"","overlay-gradient":""},"mobile":{"background-color":"var(--ast-global-color-4)","background-image":"","background-repeat":"repeat","background-position":"center center","background-size":"auto","background-attachment":"scroll","background-type":"","background-media":"","overlay-type":"","overlay-color":"","overlay-opacity":"","overlay-gradient":""}},"footnotes":""},"class_list":["post-306","page","type-page","status-publish","hentry"],"_links":{"self":[{"href":"https:\/\/www.narlatconsulting.com\/index.php\/wp-json\/wp\/v2\/pages\/306","targetHints":{"allow":["GET"]}}],"collection":[{"href":"https:\/\/www.narlatconsulting.com\/index.php\/wp-json\/wp\/v2\/pages"}],"about":[{"href":"https:\/\/www.narlatconsulting.com\/index.php\/wp-json\/wp\/v2\/types\/page"}],"author":[{"embeddable":true,"href":"https:\/\/www.narlatconsulting.com\/index.php\/wp-json\/wp\/v2\/users\/1"}],"replies":[{"embeddable":true,"href":"https:\/\/www.narlatconsulting.com\/index.php\/wp-json\/wp\/v2\/comments?post=306"}],"version-history":[{"count":15,"href":"https:\/\/www.narlatconsulting.com\/index.php\/wp-json\/wp\/v2\/pages\/306\/revisions"}],"predecessor-version":[{"id":713,"href":"https:\/\/www.narlatconsulting.com\/index.php\/wp-json\/wp\/v2\/pages\/306\/revisions\/713"}],"wp:attachment":[{"href":"https:\/\/www.narlatconsulting.com\/index.php\/wp-json\/wp\/v2\/media?parent=306"}],"curies":[{"name":"wp","href":"https:\/\/api.w.org\/{rel}","templated":true}]}}