{"id":6,"date":"2025-03-26T10:32:35","date_gmt":"2025-03-26T09:32:35","guid":{"rendered":"http:\/\/narlatp.cluster100.hosting.ovh.net\/?page_id=6"},"modified":"2025-07-11T23:21:29","modified_gmt":"2025-07-11T21:21:29","slug":"accueil","status":"publish","type":"page","link":"https:\/\/www.narlatconsulting.com\/","title":{"rendered":"Accueil"},"content":{"rendered":"\n<div class=\"wp-block-cover alignfull\"><img loading=\"lazy\" decoding=\"async\" width=\"1536\" height=\"1024\" class=\"wp-block-cover__image-background wp-image-97\" alt=\"\" src=\"https:\/\/www.narlatconsulting.com\/wp-content\/uploads\/2025\/03\/ChatGPT-Image-27-mars-2025-a-14_33_39.png\" data-object-fit=\"cover\" srcset=\"https:\/\/www.narlatconsulting.com\/wp-content\/uploads\/2025\/03\/ChatGPT-Image-27-mars-2025-a-14_33_39.png 1536w, https:\/\/www.narlatconsulting.com\/wp-content\/uploads\/2025\/03\/ChatGPT-Image-27-mars-2025-a-14_33_39-300x200.png 300w, https:\/\/www.narlatconsulting.com\/wp-content\/uploads\/2025\/03\/ChatGPT-Image-27-mars-2025-a-14_33_39-1024x683.png 1024w, https:\/\/www.narlatconsulting.com\/wp-content\/uploads\/2025\/03\/ChatGPT-Image-27-mars-2025-a-14_33_39-768x512.png 768w\" sizes=\"auto, (max-width: 1536px) 100vw, 1536px\" \/><span aria-hidden=\"true\" class=\"wp-block-cover__background has-background-dim\"><\/span><div class=\"wp-block-cover__inner-container is-layout-flow wp-block-cover-is-layout-flow\">\n<h3 class=\"wp-block-heading has-text-align-center\"><mark style=\"background-color:rgba(0, 0, 0, 0)\" class=\"has-inline-color has-ast-global-color-5-color\"><strong>Narlat Consulting, expert en innovation et en strat\u00e9gie pour le mat\u00e9riel agricole et industriel<\/strong><\/mark><\/h3>\n\n\n\n<h3 class=\"wp-block-heading has-text-align-center\"><strong><mark style=\"background-color:rgba(0, 0, 0, 0)\" class=\"has-inline-color has-ast-global-color-5-color\"><strong><mark style=\"background-color:rgba(0, 0, 0, 0)\" class=\"has-inline-color has-ast-global-color-5-color\">Nous vous accompagnons dans la&nbsp;<strong>conception<\/strong>&nbsp;et le&nbsp;<strong>d\u00e9veloppement de mat\u00e9riels innovants<\/strong>, le&nbsp;<strong>suivi de production interne ou externalis\u00e9e<\/strong>, la&nbsp;<strong>recherche de fournisseurs <\/strong><\/mark><\/strong><\/mark><\/strong><\/h3>\n\n\n\n<h3 class=\"wp-block-heading has-text-align-center\"><mark style=\"background-color:rgba(0, 0, 0, 0)\" class=\"has-inline-color has-ast-global-color-5-color\"><strong>Nos \u00e9quipes vous accompagnent \u00e9galement dans la commercialisation de vos produits, ainsi que dans vos missions de repr\u00e9sentation en France et \u00e0 l\u2019international.<\/strong><\/mark><\/h3>\n<\/div><\/div>\n\n\n\n<div class=\"wp-block-group alignfull has-ast-global-color-5-background-color has-background is-layout-constrained wp-container-core-group-is-layout-9cedb757 wp-block-group-is-layout-constrained\" style=\"padding-bottom:0px\">\n<div class=\"wp-block-columns are-vertically-aligned-top is-layout-flex wp-container-core-columns-is-layout-00723822 wp-block-columns-is-layout-flex\">\n<div class=\"wp-block-column is-vertically-aligned-top is-layout-flow wp-container-core-column-is-layout-6b73ce23 wp-block-column-is-layout-flow\">\n<figure class=\"wp-block-image size-full is-resized\"><img loading=\"lazy\" decoding=\"async\" width=\"190\" height=\"196\" src=\"https:\/\/www.narlatconsulting.com\/wp-content\/uploads\/2025\/03\/client.png\" alt=\"\" class=\"wp-image-158\" style=\"width:59px;height:auto\"\/><\/figure>\n\n\n\n<h3 class=\"wp-block-heading has-text-align-left\" style=\"margin-top:16px\">Pour Vous<\/h3>\n\n\n\n<p class=\"has-text-align-left\">Une int\u00e9gration rapide et une compr\u00e9hension imm\u00e9diate de votre entreprise<\/p>\n<\/div>\n\n\n\n<div class=\"wp-block-column is-vertically-aligned-top is-layout-flow wp-container-core-column-is-layout-6b73ce23 wp-block-column-is-layout-flow\">\n<figure class=\"wp-block-image size-full is-resized\"><img loading=\"lazy\" decoding=\"async\" width=\"214\" height=\"188\" src=\"https:\/\/www.narlatconsulting.com\/wp-content\/uploads\/2025\/03\/fournisseur.png\" alt=\"\" class=\"wp-image-159\" style=\"width:67px;height:auto\"\/><\/figure>\n\n\n\n<h3 class=\"wp-block-heading has-text-align-left\" style=\"margin-top:16px\">Optimisation &amp; Sourcing<\/h3>\n\n\n\n<p class=\"has-text-align-left\">Des solutions rapides et efficaces pour vos achats et votre production<\/p>\n<\/div>\n\n\n\n<div class=\"wp-block-column is-vertically-aligned-top is-layout-flow wp-container-core-column-is-layout-6b73ce23 wp-block-column-is-layout-flow\">\n<figure class=\"wp-block-image size-full is-resized\"><img loading=\"lazy\" decoding=\"async\" width=\"204\" height=\"186\" src=\"https:\/\/www.narlatconsulting.com\/wp-content\/uploads\/2025\/03\/coception.png\" alt=\"\" class=\"wp-image-161\" style=\"width:66px;height:auto\"\/><\/figure>\n\n\n\n<h3 class=\"wp-block-heading has-text-align-left\" style=\"margin-top:16px\">Conception &amp; Ing\u00e9nierie<\/h3>\n\n\n\n<p class=\"has-text-align-left\">Des id\u00e9es \u00e0 la r\u00e9alit\u00e9 : \u00e9tudes, plans et innovations sur mesure<\/p>\n<\/div>\n\n\n\n<div class=\"wp-block-column is-vertically-aligned-top is-layout-flow wp-container-core-column-is-layout-6b73ce23 wp-block-column-is-layout-flow\">\n<figure class=\"wp-block-image size-full is-resized\"><img loading=\"lazy\" decoding=\"async\" width=\"184\" height=\"184\" src=\"https:\/\/www.narlatconsulting.com\/wp-content\/uploads\/2025\/03\/suivi.png\" alt=\"\" class=\"wp-image-162\" style=\"width:56px;height:auto\" srcset=\"https:\/\/www.narlatconsulting.com\/wp-content\/uploads\/2025\/03\/suivi.png 184w, https:\/\/www.narlatconsulting.com\/wp-content\/uploads\/2025\/03\/suivi-150x150.png 150w\" sizes=\"auto, (max-width: 184px) 100vw, 184px\" \/><\/figure>\n\n\n\n<h3 class=\"wp-block-heading has-text-align-left\" style=\"margin-top:16px\">Suivi &amp; Validation<\/h3>\n\n\n\n<p class=\"has-text-align-left\">Des projets ma\u00eetris\u00e9s, des solutions garanties<\/p>\n<\/div>\n<\/div>\n<\/div>\n\n\n\n<div class=\"wp-block-group alignfull has-ast-global-color-5-background-color has-background is-layout-constrained wp-container-core-group-is-layout-94d206d0 wp-block-group-is-layout-constrained\" id=\"about\" style=\"padding-top:143px;padding-bottom:144px\">\n<div class=\"wp-block-media-text has-media-on-the-right is-stacked-on-mobile is-vertically-aligned-center\" style=\"grid-template-columns:auto 33%\"><div class=\"wp-block-media-text__content\">\n<div class=\"inherit-container-width wp-block-group is-layout-constrained wp-container-core-group-is-layout-47ce07ec wp-block-group-is-layout-constrained\" style=\"padding-right:80px\">\n<h3 class=\"wp-block-heading\" style=\"padding-right:40px\">Nous donnons \u00e0 votre entreprise les moyens de r\u00e9ussir vos projets<\/h3>\n\n\n\n<p>Chez Narlat Consulting, nos \u00e9quipes mettent notre expertise \u00e0 votre service, en nous adaptant \u00e0 vos besoins sp\u00e9cifiques. Que ce soit pour soutenir un dirigeant, prendre en charge des missions ponctuelles, d\u00e9velopper des march\u00e9s \u00e0 l&rsquo;international ou suivre des productions \u00e0 l\u2019\u00e9chelle mondiale, nous vous offrons des solutions sur mesure.<\/p>\n\n\n\n<p>Nous intervenons en tant que directeur technique, consultant commercial, ma\u00eetre d\u2019\u0153uvre ou acheteur strat\u00e9gique, vous accompagnant de la conception de machines innovantes \u00e0 la gestion de projets, pour garantir votre succ\u00e8s \u00e0 chaque \u00e9tape.<\/p>\n\n\n\n<p><strong>Notre force r\u00e9side dans l\u2019alliance de la passion et de l\u2019expertise technique.<\/strong><br>Chez Narlat, nous ma\u00eetrisons de nombreux domaines tels que la&nbsp;<strong>nutrition animale<\/strong>, la&nbsp;<strong>m\u00e9canique<\/strong>, l\u2019<strong>hydraulique<\/strong>, la&nbsp;<strong>pneumatique<\/strong>, l\u2019<strong>automatisme<\/strong>, et les&nbsp;<strong>processus de fabrication<\/strong>.<\/p>\n\n\n\n<p>Port\u00e9s par une passion constante pour la technique et l\u2019innovation, nous transformons vos id\u00e9es en projets concrets.&nbsp;<strong>D\u00e8s l\u2019\u00e9bauche d\u2019un concept<\/strong>, nous sommes capables de&nbsp;<strong>concevoir, optimiser et accompagner la production de vos machines<\/strong>, jusqu\u2019\u00e0 leur r\u00e9alisation industrielle.<\/p>\n<\/div>\n<\/div><figure class=\"wp-block-media-text__media\"><img loading=\"lazy\" decoding=\"async\" width=\"1024\" height=\"683\" src=\"http:\/\/narlatp.cluster100.hosting.ovh.net\/wp-content\/uploads\/2025\/03\/c54d66fa-955a-4ff1-9e2f-f060b80cc103-1024x683.png\" alt=\"\" class=\"wp-image-41 size-full\" srcset=\"https:\/\/www.narlatconsulting.com\/wp-content\/uploads\/2025\/03\/c54d66fa-955a-4ff1-9e2f-f060b80cc103-1024x683.png 1024w, https:\/\/www.narlatconsulting.com\/wp-content\/uploads\/2025\/03\/c54d66fa-955a-4ff1-9e2f-f060b80cc103-300x200.png 300w, https:\/\/www.narlatconsulting.com\/wp-content\/uploads\/2025\/03\/c54d66fa-955a-4ff1-9e2f-f060b80cc103-768x512.png 768w, https:\/\/www.narlatconsulting.com\/wp-content\/uploads\/2025\/03\/c54d66fa-955a-4ff1-9e2f-f060b80cc103.png 1536w\" sizes=\"auto, (max-width: 1024px) 100vw, 1024px\" \/><\/figure><\/div>\n<\/div>\n\n\n\n<div class=\"wp-block-group alignfull has-ast-global-color-8-color has-text-color has-background has-link-color wp-elements-17fea044a87a246b06b3aa8bb4f10c48 is-layout-constrained wp-block-group-is-layout-constrained\" id=\"reviews\" style=\"background:linear-gradient(135deg,rgb(160,171,171) 13%,rgb(64,34,15) 100%)\">\n<figure class=\"wp-block-image aligncenter size-full is-resized is-style-rounded\"><img loading=\"lazy\" decoding=\"async\" width=\"1707\" height=\"2560\" src=\"http:\/\/narlatp.cluster100.hosting.ovh.net\/wp-content\/uploads\/2025\/03\/RENAUD-TASSET-2-scaled.jpg\" alt=\"\" class=\"wp-image-35\" style=\"width:81px;height:auto\" srcset=\"https:\/\/www.narlatconsulting.com\/wp-content\/uploads\/2025\/03\/RENAUD-TASSET-2-scaled.jpg 1707w, https:\/\/www.narlatconsulting.com\/wp-content\/uploads\/2025\/03\/RENAUD-TASSET-2-200x300.jpg 200w, https:\/\/www.narlatconsulting.com\/wp-content\/uploads\/2025\/03\/RENAUD-TASSET-2-683x1024.jpg 683w, https:\/\/www.narlatconsulting.com\/wp-content\/uploads\/2025\/03\/RENAUD-TASSET-2-768x1152.jpg 768w, https:\/\/www.narlatconsulting.com\/wp-content\/uploads\/2025\/03\/RENAUD-TASSET-2-1024x1536.jpg 1024w, https:\/\/www.narlatconsulting.com\/wp-content\/uploads\/2025\/03\/RENAUD-TASSET-2-1365x2048.jpg 1365w\" sizes=\"auto, (max-width: 1707px) 100vw, 1707px\" \/><\/figure>\n\n\n\n<p class=\"has-text-align-center has-ast-global-color-5-color has-text-color has-link-color wp-elements-ffbad82992f6bbbf636a7ec37c34ab2d\" style=\"font-size:21px;line-height:1.6\">\u201cChaque id\u00e9e est un diamant brut. Chez Narlat, nous sommes l\u00e0 pour la tailler, la fa\u00e7onner et la sublimer jusqu\u2019\u00e0 en faire une v\u00e9ritable r\u00e9ussite\u201d<\/p>\n\n\n\n<p class=\"has-text-align-center has-ast-global-color-6-color has-text-color has-link-color has-medium-font-size wp-elements-d2532d6d6248bb9b833758dd6040a627\">Renaud Tasset<\/p>\n<\/div>\n\n\n\n<div class=\"wp-block-group alignfull is-layout-constrained wp-container-core-group-is-layout-3fee123f wp-block-group-is-layout-constrained\" id=\"whyus\" style=\"padding-top:144px;padding-bottom:144px\">\n<h3 class=\"wp-block-heading\">Pourquoi nous choisir ?<\/h3>\n\n\n\n<div class=\"wp-block-columns is-layout-flex wp-container-core-columns-is-layout-29aadeec wp-block-columns-is-layout-flex\" style=\"margin-top:60px\">\n<div class=\"wp-block-column is-layout-flow wp-container-core-column-is-layout-6b73ce23 wp-block-column-is-layout-flow\">\n<figure class=\"wp-block-image size-full is-resized\"><img loading=\"lazy\" decoding=\"async\" width=\"188\" height=\"190\" src=\"https:\/\/www.narlatconsulting.com\/wp-content\/uploads\/2025\/03\/professionnalisme.png\" alt=\"\" class=\"wp-image-164\" style=\"width:67px;height:auto\"\/><\/figure>\n\n\n\n<h4 class=\"wp-block-heading\" style=\"margin-top:16px\">Passion et Engagement<\/h4>\n\n\n\n<p>Nous mettons notre engagement et notre expertise au service de vos projets pour faire de chaque d\u00e9fi une opportunit\u00e9<\/p>\n<\/div>\n\n\n\n<div class=\"wp-block-column is-layout-flow wp-container-core-column-is-layout-6b73ce23 wp-block-column-is-layout-flow\">\n<figure class=\"wp-block-image size-full is-resized\"><img loading=\"lazy\" decoding=\"async\" width=\"190\" height=\"196\" src=\"https:\/\/www.narlatconsulting.com\/wp-content\/uploads\/2025\/03\/client-1.png\" alt=\"\" class=\"wp-image-172\" style=\"width:64px;height:auto\"\/><\/figure>\n\n\n\n<h4 class=\"wp-block-heading\" style=\"margin-top:16px\">Professionnalisme&nbsp;<\/h4>\n\n\n\n<p>Notre s\u00e9rieux au coeur de  chaque projet. Ensemble, nous validons chaque \u00e9tape pour garantir des r\u00e9sultats de qualit\u00e9.<\/p>\n<\/div>\n\n\n\n<div class=\"wp-block-column is-layout-flow wp-container-core-column-is-layout-6b73ce23 wp-block-column-is-layout-flow\">\n<figure class=\"wp-block-image size-full is-resized\"><img loading=\"lazy\" decoding=\"async\" width=\"172\" height=\"180\" src=\"https:\/\/www.narlatconsulting.com\/wp-content\/uploads\/2025\/03\/support.png\" alt=\"\" class=\"wp-image-166\" style=\"width:66px;height:auto\"\/><\/figure>\n\n\n\n<h4 class=\"wp-block-heading\" style=\"margin-top:16px\">Support et Disponibilit\u00e9<\/h4>\n\n\n\n<p>Nous sommes toujours l\u00e0 pour vous. Avec un support r\u00e9actif et disponible, nous assurons une assistance continue.<\/p>\n<\/div>\n<\/div>\n<\/div>\n\n\n\n<p><\/p>\n","protected":false},"excerpt":{"rendered":"<p>Pour Vous Une int\u00e9gration rapide et une compr\u00e9hension imm\u00e9diate de votre entreprise Optimisation &amp; Sourcing Des solutions rapides et efficaces [&hellip;]<\/p>\n","protected":false},"author":1,"featured_media":0,"parent":0,"menu_order":0,"comment_status":"closed","ping_status":"closed","template":"","meta":{"site-sidebar-layout":"no-sidebar","site-content-layout":"plain-container","ast-site-content-layout":"","site-content-style":"default","site-sidebar-style":"default","ast-global-header-display":"","ast-banner-title-visibility":"","ast-main-header-display":"","ast-hfb-above-header-display":"","ast-hfb-below-header-display":"","ast-hfb-mobile-header-display":"","site-post-title":"disabled","ast-breadcrumbs-content":"","ast-featured-img":"","footer-sml-layout":"","theme-transparent-header-meta":"enabled","adv-header-id-meta":"","stick-header-meta":"","header-above-stick-meta":"","header-main-stick-meta":"","header-below-stick-meta":"","astra-migrate-meta-layouts":"default","ast-page-background-enabled":"default","ast-page-background-meta":{"desktop":{"background-color":"var(--ast-global-color-5)","background-image":"","background-repeat":"repeat","background-position":"center center","background-size":"auto","background-attachment":"scroll","background-type":"","background-media":"","overlay-type":"","overlay-color":"","overlay-opacity":"","overlay-gradient":""},"tablet":{"background-color":"","background-image":"","background-repeat":"repeat","background-position":"center center","background-size":"auto","background-attachment":"scroll","background-type":"","background-media":"","overlay-type":"","overlay-color":"","overlay-opacity":"","overlay-gradient":""},"mobile":{"background-color":"","background-image":"","background-repeat":"repeat","background-position":"center center","background-size":"auto","background-attachment":"scroll","background-type":"","background-media":"","overlay-type":"","overlay-color":"","overlay-opacity":"","overlay-gradient":""}},"ast-content-background-meta":{"desktop":{"background-color":"var(--ast-global-color-4)","background-image":"","background-repeat":"repeat","background-position":"center center","background-size":"auto","background-attachment":"scroll","background-type":"","background-media":"","overlay-type":"","overlay-color":"","overlay-opacity":"","overlay-gradient":""},"tablet":{"background-color":"var(--ast-global-color-4)","background-image":"","background-repeat":"repeat","background-position":"center center","background-size":"auto","background-attachment":"scroll","background-type":"","background-media":"","overlay-type":"","overlay-color":"","overlay-opacity":"","overlay-gradient":""},"mobile":{"background-color":"var(--ast-global-color-4)","background-image":"","background-repeat":"repeat","background-position":"center center","background-size":"auto","background-attachment":"scroll","background-type":"","background-media":"","overlay-type":"","overlay-color":"","overlay-opacity":"","overlay-gradient":""}},"footnotes":""},"class_list":["post-6","page","type-page","status-publish","hentry"],"_links":{"self":[{"href":"https:\/\/www.narlatconsulting.com\/index.php\/wp-json\/wp\/v2\/pages\/6","targetHints":{"allow":["GET"]}}],"collection":[{"href":"https:\/\/www.narlatconsulting.com\/index.php\/wp-json\/wp\/v2\/pages"}],"about":[{"href":"https:\/\/www.narlatconsulting.com\/index.php\/wp-json\/wp\/v2\/types\/page"}],"author":[{"embeddable":true,"href":"https:\/\/www.narlatconsulting.com\/index.php\/wp-json\/wp\/v2\/users\/1"}],"replies":[{"embeddable":true,"href":"https:\/\/www.narlatconsulting.com\/index.php\/wp-json\/wp\/v2\/comments?post=6"}],"version-history":[{"count":27,"href":"https:\/\/www.narlatconsulting.com\/index.php\/wp-json\/wp\/v2\/pages\/6\/revisions"}],"predecessor-version":[{"id":342,"href":"https:\/\/www.narlatconsulting.com\/index.php\/wp-json\/wp\/v2\/pages\/6\/revisions\/342"}],"wp:attachment":[{"href":"https:\/\/www.narlatconsulting.com\/index.php\/wp-json\/wp\/v2\/media?parent=6"}],"curies":[{"name":"wp","href":"https:\/\/api.w.org\/{rel}","templated":true}]}}